{"id":323,"date":"2026-02-26T07:26:15","date_gmt":"2026-02-26T07:26:15","guid":{"rendered":"https:\/\/diendanvannghe.com\/?page_id=323"},"modified":"2026-02-28T03:55:06","modified_gmt":"2026-02-28T03:55:06","slug":"doi-tac","status":"publish","type":"page","link":"http:\/\/siyb.cloud\/?page_id=323","title":{"rendered":"\u0110\u1ed1i T\u00e1c"},"content":{"rendered":"<div id=\"tdi_1\" class=\"tdc-zone\"><div class=\"tdc_zone tdi_2  wpb_row td-pb-row\"  >\n<style scoped>\n\/* custom css - generated by TagDiv Composer *\/\n\n\/* custom css - generated by TagDiv Composer *\/\n\/* custom css - generated by TagDiv Composer *\/\n.tdi_2{\r\n                    min-height: 0;\r\n                }\n<\/style><div id=\"tdi_3\" class=\"tdc-row\"><div class=\"vc_row tdi_4  wpb_row td-pb-row\" >\n<style scoped>\n\/* custom css - generated by TagDiv Composer *\/\n\n\/* custom css - generated by TagDiv Composer *\/\n\/* custom css - generated by TagDiv Composer *\/\n.tdi_4,\r\n                .tdi_4 .tdc-columns{\r\n                    min-height: 0;\r\n                }.tdi_4,\r\n\t\t\t\t.tdi_4 .tdc-columns{\r\n\t\t\t\t    display: block;\r\n\t\t\t\t}.tdi_4 .tdc-columns{\r\n\t\t\t\t    width: 100%;\r\n\t\t\t\t}\n<\/style><div class=\"vc_column tdi_6  wpb_column vc_column_container tdc-column td-pb-span12\">\n<style scoped>\n\/* custom css - generated by TagDiv Composer *\/\n\n\/* custom css - generated by TagDiv Composer *\/\n\/* custom css - generated by TagDiv Composer *\/\n.tdi_6{\r\n                    vertical-align: baseline;\r\n                }.tdi_6 > .wpb_wrapper,\r\n\t\t\t\t.tdi_6 > .wpb_wrapper > .tdc-elements{\r\n\t\t\t\t    display: block;\r\n\t\t\t\t}.tdi_6 > .wpb_wrapper > .tdc-elements{\r\n\t\t\t\t    width: 100%;\r\n\t\t\t\t}.tdi_6 > .wpb_wrapper > .vc_row_inner{\r\n\t\t\t\t    width: auto;\r\n\t\t\t\t}.tdi_6 > .wpb_wrapper{\r\n\t\t\t\t    width: auto;\r\n\t\t\t\t    height: auto;\r\n\t\t\t\t}\n<\/style><div class=\"wpb_wrapper\" ><div class=\"wpb_wrapper td_block_wrap vc_raw_html tdi_8 \"><div class=\"td-fix-index\"><div class=\"siyb-partners-page\">\n\n  <!-- HEADER -->\n  <header class=\"siyb-partners-hero\">\n    <h1 class=\"siyb-partners-title\">\u0110\u1ed1i t\u00e1c \u0111\u1ed3ng h\u00e0nh<\/h1>\n    <p class=\"siyb-partners-subtitle\">\n      CLB SIYB tr\u00e2n tr\u1ecdng c\u1ea3m \u01a1n Qu\u00fd \u0110\u1ed1i t\u00e1c \u0111\u00e3 tin t\u01b0\u1edfng, \u0111\u1ed3ng h\u00e0nh v\u00e0 c\u00f9ng ch\u00fang t\u00f4i ki\u1ebfn t\u1ea1o\n      <strong>N\u1ec1n Kinh T\u1ebf Li\u00ean K\u1ebft<\/strong> \u2013 n\u01a1i gi\u00e1 tr\u1ecb \u0111\u01b0\u1ee3c lan t\u1ecfa v\u00e0 ph\u00e1t tri\u1ec3n b\u1ec1n v\u1eefng.\n    <\/p>\n\n    <div class=\"siyb-partners-note\">\n      <span>\ud83e\udd1d<\/span>\n      <p>\n        M\u1ed7i logo d\u01b0\u1edbi \u0111\u00e2y l\u00e0 m\u1ed9t d\u1ea5u \u1ea5n h\u1ee3p t\u00e1c. CLB SIYB lu\u00f4n s\u1eb5n s\u00e0ng k\u1ebft n\u1ed1i,\n        t\u1ea1o c\u01a1 h\u1ed9i giao th\u01b0\u01a1ng v\u00e0 ph\u00e1t tri\u1ec3n h\u1ec7 sinh th\u00e1i doanh nh\u00e2n ch\u1ea5t l\u01b0\u1ee3ng.\n      <\/p>\n    <\/div>\n  <\/header>\n\n  <!-- LOGO GRID -->\n  <section class=\"siyb-partners-section\">\n    <h2 class=\"siyb-h2\">Danh s\u00e1ch \u0111\u1ed1i t\u00e1c<\/h2>\n\n    <div class=\"siyb-logo-grid\">\n\n      <figure class=\"siyb-logo-item\">\n        <img src=\"http:\/\/siyb.cloud\/wp-content\/uploads\/2026\/02\/Image.jpg\" alt=\"\u0110\u1ed1i t\u00e1c 1\" loading=\"lazy\" decoding=\"async\">\n      <\/figure>\n\n      <figure class=\"siyb-logo-item\">\n        <img src=\"http:\/\/\/siyb.cloud\/wp-content\/uploads\/2026\/02\/Image-7.png\" alt=\"\u0110\u1ed1i t\u00e1c 2\" loading=\"lazy\" decoding=\"async\">\n      <\/figure>\n\n      <figure class=\"siyb-logo-item\">\n        <img src=\"http:\/\/\/siyb.cloud\/wp-content\/uploads\/2026\/02\/Image-6.jpg\" alt=\"\u0110\u1ed1i t\u00e1c 3\" loading=\"lazy\" decoding=\"async\">\n      <\/figure>\n\n      <figure class=\"siyb-logo-item\">\n        <img src=\"http:\/\/\/siyb.cloud\/wp-content\/uploads\/2026\/02\/Image-5.png\" alt=\"\u0110\u1ed1i t\u00e1c 4\" loading=\"lazy\" decoding=\"async\">\n      <\/figure>\n\n      <figure class=\"siyb-logo-item\">\n        <img src=\"http:\/\/\/siyb.cloud\/wp-content\/uploads\/2026\/02\/Image-4.jpg\" alt=\"\u0110\u1ed1i t\u00e1c 5\" loading=\"lazy\" decoding=\"async\">\n      <\/figure>\n\n      <figure class=\"siyb-logo-item\">\n        <img src=\"http:\/\/\/siyb.cloud\/wp-content\/uploads\/2026\/02\/Image-3.jpg\" alt=\"\u0110\u1ed1i t\u00e1c 6\" loading=\"lazy\" decoding=\"async\">\n      <\/figure>\n\n      <figure class=\"siyb-logo-item\">\n        <img src=\"http:\/\/\/siyb.cloud\/wp-content\/uploads\/2026\/02\/Image-2.jpg\" alt=\"\u0110\u1ed1i t\u00e1c 7\" loading=\"lazy\" decoding=\"async\">\n      <\/figure>\n\n      <figure class=\"siyb-logo-item\">\n        <img src=\"http:\/\/\/siyb.cloud\/wp-content\/uploads\/2026\/02\/Image-1.jpg\" alt=\"\u0110\u1ed1i t\u00e1c 8\" loading=\"lazy\" decoding=\"async\">\n      <\/figure>\n\n    <\/div>\n  <\/section>\n\n  <!-- CTA -->\n  <section class=\"siyb-partners-cta\">\n    <h2 class=\"siyb-h2\">K\u1ebft n\u1ed1i h\u1ee3p t\u00e1c c\u00f9ng SIYB<\/h2>\n    <p>\n      N\u1ebfu Qu\u00fd Doanh nghi\u1ec7p mong mu\u1ed1n m\u1edf r\u1ed9ng m\u1ea1ng l\u01b0\u1edbi, gia t\u0103ng c\u01a1 h\u1ed9i giao th\u01b0\u01a1ng v\u00e0 c\u00f9ng ph\u00e1t tri\u1ec3n trong c\u1ed9ng \u0111\u1ed3ng\n      doanh nh\u00e2n thu\u1ed9c HUBA, CLB SIYB lu\u00f4n ch\u00e0o \u0111\u00f3n c\u00e1c \u0111\u1ec1 xu\u1ea5t h\u1ee3p t\u00e1c ph\u00f9 h\u1ee3p.\n    <\/p>\n    <p class=\"siyb-partners-sign\"><strong>Tr\u00e2n tr\u1ecdng \u2014 BCH CLB SIYB<\/strong><\/p>\n  <\/section>\n\n  <!-- INLINE CSS -->\n  <style>\n    .siyb-partners-page{max-width:980px;margin:0 auto;line-height:1.75}\n    .siyb-partners-hero{padding:18px 0 8px;border-bottom:1px solid rgba(0,0,0,.08)}\n    .siyb-partners-title{margin:0 0 8px;font-size:30px;line-height:1.25}\n    .siyb-partners-subtitle{margin:0 0 12px;font-size:16px;opacity:.9}\n    .siyb-partners-note{display:flex;gap:10px;align-items:flex-start;padding:12px 14px;border:1px solid rgba(0,0,0,.08);border-radius:12px;background:rgba(0,0,0,.02)}\n    .siyb-partners-note span{font-size:18px;line-height:1}\n    .siyb-partners-note p{margin:0}\n    .siyb-partners-section{padding:18px 0}\n    .siyb-h2{margin:0 0 12px;font-size:22px;line-height:1.35}\n    .siyb-logo-grid{display:grid;grid-template-columns:repeat(4,1fr);gap:12px}\n    .siyb-logo-item{margin:0;padding:14px;border:1px solid rgba(0,0,0,.08);border-radius:14px;background:#fff;display:flex;align-items:center;justify-content:center;min-height:120px}\n    .siyb-logo-item img{max-width:100%;max-height:70px;width:auto;height:auto;object-fit:contain;filter:none}\n    .siyb-partners-cta{border-top:1px solid rgba(0,0,0,.08);padding:18px 0 6px;margin-top:4px}\n    .siyb-partners-sign{margin-top:10px}\n    @media (max-width: 920px){\n      .siyb-logo-grid{grid-template-columns:repeat(3,1fr)}\n    }\n    @media (max-width: 640px){\n      .siyb-logo-grid{grid-template-columns:repeat(2,1fr)}\n      .siyb-partners-title{font-size:26px}\n      .siyb-logo-item{min-height:110px}\n      .siyb-logo-item img{max-height:64px}\n    }\n    @media (max-width: 420px){\n      .siyb-logo-grid{grid-template-columns:1fr}\n      .siyb-logo-item img{max-height:72px}\n    }\n  <\/style>\n\n<\/div><\/div><\/div><\/div><\/div><\/div><\/div><\/div><\/div>","protected":false},"excerpt":{"rendered":"","protected":false},"author":1,"featured_media":0,"parent":0,"menu_order":0,"comment_status":"closed","ping_status":"closed","template":"","meta":{"footnotes":""},"class_list":["post-323","page","type-page","status-publish"],"_links":{"self":[{"href":"http:\/\/siyb.cloud\/index.php?rest_route=\/wp\/v2\/pages\/323","targetHints":{"allow":["GET"]}}],"collection":[{"href":"http:\/\/siyb.cloud\/index.php?rest_route=\/wp\/v2\/pages"}],"about":[{"href":"http:\/\/siyb.cloud\/index.php?rest_route=\/wp\/v2\/types\/page"}],"author":[{"embeddable":true,"href":"http:\/\/siyb.cloud\/index.php?rest_route=\/wp\/v2\/users\/1"}],"replies":[{"embeddable":true,"href":"http:\/\/siyb.cloud\/index.php?rest_route=%2Fwp%2Fv2%2Fcomments&post=323"}],"version-history":[{"count":4,"href":"http:\/\/siyb.cloud\/index.php?rest_route=\/wp\/v2\/pages\/323\/revisions"}],"predecessor-version":[{"id":344,"href":"http:\/\/siyb.cloud\/index.php?rest_route=\/wp\/v2\/pages\/323\/revisions\/344"}],"wp:attachment":[{"href":"http:\/\/siyb.cloud\/index.php?rest_route=%2Fwp%2Fv2%2Fmedia&parent=323"}],"curies":[{"name":"wp","href":"https:\/\/api.w.org\/{rel}","templated":true}]}}