{"id":290,"date":"2026-02-26T06:56:06","date_gmt":"2026-02-26T06:56:06","guid":{"rendered":"https:\/\/diendanvannghe.com\/?page_id=290"},"modified":"2026-02-28T03:57:24","modified_gmt":"2026-02-28T03:57:24","slug":"clb-doanh-nhan-khoi-su-va-ho-tro-doanh-nghiep-starting-and-improve-your-business-club","status":"publish","type":"page","link":"http:\/\/siyb.cloud\/?page_id=290","title":{"rendered":"Gi\u1edbi Thi\u1ec7u"},"content":{"rendered":"<div id=\"tdi_1\" class=\"tdc-zone\"><div class=\"tdc_zone tdi_2  wpb_row td-pb-row\"  >\n<style scoped>\n\/* custom css - generated by TagDiv Composer *\/\n\n\/* custom css - generated by TagDiv Composer *\/\n\/* custom css - generated by TagDiv Composer *\/\n.tdi_2{\r\n                    min-height: 0;\r\n                }\n<\/style><div id=\"tdi_3\" class=\"tdc-row\"><div class=\"vc_row tdi_4  wpb_row td-pb-row\" >\n<style scoped>\n\/* custom css - generated by TagDiv Composer *\/\n\n\/* custom css - generated by TagDiv Composer *\/\n\/* custom css - generated by TagDiv Composer *\/\n.tdi_4,\r\n                .tdi_4 .tdc-columns{\r\n                    min-height: 0;\r\n                }.tdi_4,\r\n\t\t\t\t.tdi_4 .tdc-columns{\r\n\t\t\t\t    display: block;\r\n\t\t\t\t}.tdi_4 .tdc-columns{\r\n\t\t\t\t    width: 100%;\r\n\t\t\t\t}\n<\/style><div class=\"vc_column tdi_6  wpb_column vc_column_container tdc-column td-pb-span12\">\n<style scoped>\n\/* custom css - generated by TagDiv Composer *\/\n\n\/* custom css - generated by TagDiv Composer *\/\n\/* custom css - generated by TagDiv Composer *\/\n.tdi_6{\r\n                    vertical-align: baseline;\r\n                }.tdi_6 > .wpb_wrapper,\r\n\t\t\t\t.tdi_6 > .wpb_wrapper > .tdc-elements{\r\n\t\t\t\t    display: block;\r\n\t\t\t\t}.tdi_6 > .wpb_wrapper > .tdc-elements{\r\n\t\t\t\t    width: 100%;\r\n\t\t\t\t}.tdi_6 > .wpb_wrapper > .vc_row_inner{\r\n\t\t\t\t    width: auto;\r\n\t\t\t\t}.tdi_6 > .wpb_wrapper{\r\n\t\t\t\t    width: auto;\r\n\t\t\t\t    height: auto;\r\n\t\t\t\t}\n<\/style><div class=\"wpb_wrapper\" ><div class=\"wpb_wrapper td_block_wrap vc_raw_html tdi_8 \"><div class=\"td-fix-index\"><div class=\"siyb-page\">\n\n  <!-- HERO \/ TITLE -->\n  <header class=\"siyb-hero\">\n    <h1 class=\"siyb-title\">\n      CLB Doanh nh\u00e2n Kh\u1edfi s\u1ef1 &amp; H\u1ed7 tr\u1ee3 Doanh nghi\u1ec7p (SIYB)\n    <\/h1>\n    <p class=\"siyb-subtitle\">\n      Starting and Improve Your Business Club\n    <\/p>\n    <p class=\"siyb-lead\">\n      CLB SIYB l\u00e0 th\u00e0nh vi\u00ean tr\u1ef1c thu\u1ed9c Hi\u1ec7p h\u1ed9i Doanh nghi\u1ec7p TP.HCM (HUBA), ho\u1ea1t \u0111\u1ed9ng t\u1ed5 ch\u1ee9c chuy\u00ean \u0111\u1ec1,\n      k\u1ebft n\u1ed1i giao th\u01b0\u01a1ng v\u00e0 h\u1ed7 tr\u1ee3 doanh nghi\u1ec7p \u2013 doanh nh\u00e2n ph\u00e1t tri\u1ec3n b\u1ec1n v\u1eefng.\n    <\/p>\n  <\/header>\n\n  <!-- INTRO -->\n  <section class=\"siyb-section\">\n    <h2 class=\"siyb-h2\">Gi\u1edbi thi\u1ec7u chung<\/h2>\n    <p>\n      CLB Doanh nh\u00e2n Kh\u1edfi s\u1ef1 v\u00e0 H\u1ed7 tr\u1ee3 Doanh nghi\u1ec7p (SIYB) ho\u1ea1t \u0111\u1ed9ng v\u1edbi vai tr\u00f2 x\u00e2y d\u1ef1ng c\u1ed9ng \u0111\u1ed3ng doanh nh\u00e2n\n      g\u1eafn k\u1ebft \u2013 th\u1ef1c ch\u1ea5t \u2013 hi\u1ec7u qu\u1ea3, h\u01b0\u1edbng \u0111\u1ebfn ph\u00e1t tri\u1ec3n d\u00e0i h\u1ea1n trong b\u1ed1i c\u1ea3nh kinh t\u1ebf m\u1edbi.\n    <\/p>\n    <p>\n      V\u1edbi \u0111\u1ecbnh h\u01b0\u1edbng x\u00e2y d\u1ef1ng <strong>N\u1ec1n Kinh T\u1ebf Li\u00ean K\u1ebft<\/strong>, CLB SIYB mong mu\u1ed1n t\u1ea1o ra h\u1ec7 sinh th\u00e1i n\u01a1i\n      m\u1ed7i doanh nghi\u1ec7p \u0111\u1ec1u \u0111\u01b0\u1ee3c k\u1ebft n\u1ed1i, n\u00e2ng cao n\u0103ng l\u1ef1c v\u00e0 c\u00f9ng nhau v\u01b0\u01a1n xa.\n    <\/p>\n  <\/section>\n\n  <!-- FEATURE IMAGE 1 -->\n  <figure class=\"siyb-figure\">\n    <img\n      src=\"https:\/\/\/siyb.cloud\/wp-content\/uploads\/2026\/02\/584624785_1139020828443440_1010195478476235941_n-1024x683.jpg\"\n      alt=\"Ho\u1ea1t \u0111\u1ed9ng CLB SIYB\"\n      loading=\"lazy\"\n      decoding=\"async\"\n    \/>\n  <\/figure>\n\n  <!-- CORE VALUES -->\n  <section class=\"siyb-section\">\n    <h2 class=\"siyb-h2\">Gi\u00e1 tr\u1ecb c\u1ed1t l\u00f5i<\/h2>\n    <div class=\"siyb-values\">\n      <div class=\"siyb-card\">\n        <h3 class=\"siyb-h3\">Con Ng\u01b0\u1eddi Th\u1eadt<\/h3>\n        <p>K\u1ebft n\u1ed1i \u0111\u00fang ng\u01b0\u1eddi \u2013 \u0111\u00fang gi\u00e1 tr\u1ecb \u2013 \u0111\u00fang tinh th\u1ea7n c\u1ed9ng \u0111\u1ed3ng doanh nh\u00e2n.<\/p>\n      <\/div>\n      <div class=\"siyb-card\">\n        <h3 class=\"siyb-h3\">Vi\u1ec7c Th\u1eadt<\/h3>\n        <p>T\u1eadp trung ho\u1ea1t \u0111\u1ed9ng th\u1ef1c ti\u1ec5n, gi\u1ea3i quy\u1ebft \u0111\u00fang nhu c\u1ea7u v\u00e0 b\u00e0i to\u00e1n c\u1ee7a doanh nghi\u1ec7p.<\/p>\n      <\/div>\n      <div class=\"siyb-card\">\n        <h3 class=\"siyb-h3\">Gi\u00e1 Tr\u1ecb Th\u1eadt<\/h3>\n        <p>T\u1ea1o ra gi\u00e1 tr\u1ecb b\u1ec1n v\u1eefng th\u00f4ng qua li\u00ean k\u1ebft, chia s\u1ebb v\u00e0 \u0111\u1ed3ng h\u00e0nh d\u00e0i h\u1ea1n.<\/p>\n      <\/div>\n    <\/div>\n  <\/section>\n\n  <!-- STRATEGY -->\n  <section class=\"siyb-section\">\n    <h2 class=\"siyb-h2\">T\u1ea7m nh\u00ecn &amp; Ph\u01b0\u01a1ng h\u01b0\u1edbng ho\u1ea1t \u0111\u1ed9ng 2025 \u2013 2028<\/h2>\n    <p>\n      Trong nhi\u1ec7m k\u1ef3 m\u1edbi, CLB SIYB x\u00e1c \u0111\u1ecbnh <strong>5 tr\u1ee5 c\u1ed9t chi\u1ebfn l\u01b0\u1ee3c<\/strong> nh\u1eb1m n\u00e2ng cao n\u0103ng l\u1ef1c doanh nghi\u1ec7p\n      v\u00e0 m\u1edf r\u1ed9ng h\u1ec7 sinh th\u00e1i k\u1ebft n\u1ed1i.\n    <\/p>\n\n    <ol class=\"siyb-list\">\n      <li>\n        <strong>T\u00e0i ch\u00ednh &amp; Ngu\u1ed3n v\u1ed1n:<\/strong>\n        K\u1ebft n\u1ed1i qu\u1ef9 \u0111\u1ea7u t\u01b0, t\u1ed5 ch\u1ee9c t\u00e0i ch\u00ednh; m\u1edf r\u1ed9ng c\u01a1 h\u1ed9i ti\u1ebfp c\u1eadn ngu\u1ed3n v\u1ed1n m\u1edbi v\u00e0 v\u1ed1n xanh.\n      <\/li>\n      <li>\n        <strong>Ngu\u1ed3n nh\u00e2n l\u1ef1c ch\u1ea5t l\u01b0\u1ee3ng cao:<\/strong>\n        H\u1ee3p t\u00e1c s\u00e2u v\u1edbi Vi\u1ec7n \u2013 Tr\u01b0\u1eddng \u2013 Trung t\u00e2m kh\u1edfi nghi\u1ec7p \u0111\u1ec3 n\u00e2ng chu\u1ea9n nh\u00e2n l\u1ef1c.\n      <\/li>\n      <li>\n        <strong>Li\u00ean k\u1ebft Nh\u00e0 n\u01b0\u1edbc:<\/strong>\n        T\u0103ng c\u01b0\u1eddng vai tr\u00f2 c\u1ea7u n\u1ed1i ch\u00ednh s\u00e1ch; li\u00ean k\u1ebft v\u1edbi S\u1edf KHCN, S\u1edf C\u00f4ng Th\u01b0\u01a1ng v\u00e0 c\u00e1c c\u01a1 quan ban ng\u00e0nh.\n      <\/li>\n      <li>\n        <strong>K\u1ebft n\u1ed1i CLB &amp; Hi\u1ec7p h\u1ed9i b\u1ea1n:<\/strong>\n        \u0110\u1ea9y m\u1ea1nh li\u00ean k\u1ebft trong n\u01b0\u1edbc v\u00e0 qu\u1ed1c t\u1ebf, m\u1edf r\u1ed9ng h\u1ec7 sinh th\u00e1i doanh nh\u00e2n.\n      <\/li>\n      <li>\n        <strong>Ph\u00e1t tri\u1ec3n xanh &amp; b\u1ec1n v\u1eefng:<\/strong>\n        H\u1ed7 tr\u1ee3 doanh nghi\u1ec7p ti\u1ebfp c\u1eadn gi\u1ea3i ph\u00e1p c\u00f4ng ngh\u1ec7 xanh, h\u01b0\u1edbng \u0111\u1ebfn ph\u00e1t tri\u1ec3n b\u1ec1n v\u1eefng.\n      <\/li>\n    <\/ol>\n\n    <p>\n      V\u1edbi \u0111\u1ecbnh h\u01b0\u1edbng n\u00e0y, CLB h\u01b0\u1edbng t\u1edbi tr\u1edf th\u00e0nh c\u1ed9ng \u0111\u1ed3ng doanh nh\u00e2n <strong>\u0111\u00f4ng \u0111\u1ea3o \u2013 ch\u1ea5t l\u01b0\u1ee3ng \u2013 ti\u00ean phong xu h\u01b0\u1edbng<\/strong>,\n      x\u1ee9ng \u0111\u00e1ng l\u00e0 th\u00e0nh vi\u00ean n\u0103ng \u0111\u1ed9ng c\u1ee7a HUBA.\n    <\/p>\n  <\/section>\n\n  <!-- GALLERY -->\n  <section class=\"siyb-section\">\n    <h2 class=\"siyb-h2\">H\u00ecnh \u1ea3nh ho\u1ea1t \u0111\u1ed9ng<\/h2>\n\n    <div class=\"siyb-gallery\">\n      <img src=\"https:\/\/\/siyb.cloud\/wp-content\/uploads\/2026\/02\/586220199_1139024965109693_1726066535271979507_n-1024x683.jpg\" alt=\"Ho\u1ea1t \u0111\u1ed9ng SIYB 1\" loading=\"lazy\" decoding=\"async\" \/>\n      <img src=\"https:\/\/\/siyb.cloud\/wp-content\/uploads\/2026\/02\/586152957_1139022448443278_2121108388766377568_n-1024x683.jpg\" alt=\"Ho\u1ea1t \u0111\u1ed9ng SIYB 2\" loading=\"lazy\" decoding=\"async\" \/>\n      <img src=\"https:\/\/\/siyb.cloud\/wp-content\/uploads\/2026\/02\/585650654_1139021068443416_2953741835370934668_n-1024x683.jpg\" alt=\"Ho\u1ea1t \u0111\u1ed9ng SIYB 3\" loading=\"lazy\" decoding=\"async\" \/>\n      <img src=\"https:\/\/\/siyb.cloud\/wp-content\/uploads\/2026\/02\/585019296_1139024328443090_2458684874372886544_n-1024x683.jpg\" alt=\"Ho\u1ea1t \u0111\u1ed9ng SIYB 4\" loading=\"lazy\" decoding=\"async\" \/>\n      <img src=\"https:\/\/\/siyb.cloud\/wp-content\/uploads\/2026\/02\/584778673_1139031731775683_1095610298936934192_n-768x1024.jpg\" alt=\"Ho\u1ea1t \u0111\u1ed9ng SIYB 5\" loading=\"lazy\" decoding=\"async\" \/>\n      <img src=\"https:\/\/\/siyb.cloud\/wp-content\/uploads\/2026\/02\/584678084_1139024428443080_7434406207119429745_n-1024x683.jpg\" alt=\"Ho\u1ea1t \u0111\u1ed9ng SIYB 6\" loading=\"lazy\" decoding=\"async\" \/>\n      <img src=\"https:\/\/\/siyb.cloud\/wp-content\/uploads\/2026\/02\/584606877_1139020941776762_3972789579757731178_n-1024x683.jpg\" alt=\"Ho\u1ea1t \u0111\u1ed9ng SIYB 7\" loading=\"lazy\" decoding=\"async\" \/>\n      <img src=\"https:\/\/\/siyb.cloud\/wp-content\/uploads\/2026\/02\/584584914_1139024391776417_3195786512004276759_n-1024x683.jpg\" alt=\"Ho\u1ea1t \u0111\u1ed9ng SIYB 8\" loading=\"lazy\" decoding=\"async\" \/>\n      <img src=\"https:\/\/\/siyb.cloud\/wp-content\/uploads\/2026\/02\/584524849_1139024818443041_797070322569724613_n-1024x683.jpg\" alt=\"Ho\u1ea1t \u0111\u1ed9ng SIYB 9\" loading=\"lazy\" decoding=\"async\" \/>\n    <\/div>\n  <\/section>\n\n  <!-- THANK YOU \/ CTA -->\n  <section class=\"siyb-section siyb-cta\">\n    <h2 class=\"siyb-h2\">L\u1eddi k\u00eau g\u1ecdi \u0111\u1ed3ng h\u00e0nh<\/h2>\n    <p>\n      Ban Ch\u1ea5p H\u00e0nh CLB tr\u00e2n tr\u1ecdng k\u00eau g\u1ecdi s\u1ef1 \u0111\u1ed3ng h\u00e0nh c\u1ee7a Qu\u00fd Doanh nghi\u1ec7p v\u00e0 Qu\u00fd \u0110\u1ed1i t\u00e1c \u0111\u1ec3 c\u00f9ng chung tay x\u00e2y d\u1ef1ng\n      <strong>N\u1ec1n Kinh T\u1ebf Li\u00ean K\u1ebft<\/strong>, lan t\u1ecfa gi\u00e1 tr\u1ecb v\u00e0 ph\u00e1t tri\u1ec3n b\u1ec1n v\u1eefng trong nhi\u1ec7m k\u1ef3 2025 \u2013 2028.\n    <\/p>\n    <p>\n      M\u1ed9t l\u1ea7n n\u1eefa, xin tr\u00e2n tr\u1ecdng c\u1ea3m \u01a1n s\u1ef1 hi\u1ec7n di\u1ec7n v\u00e0 \u0111\u00f3ng g\u00f3p c\u1ee7a Qu\u00fd Anh\/Ch\u1ecb Doanh nh\u00e2n.\n      K\u00ednh ch\u00fac Qu\u00fd anh\/ch\u1ecb: <strong>S\u1ee9c kh\u1ecfe \u2013 Th\u00e0nh c\u00f4ng \u2013 H\u1ea1nh ph\u00fac<\/strong>.\n    <\/p>\n    <p class=\"siyb-sign\"><strong>BCH CLB SIYB<\/strong><\/p>\n  <\/section>\n\n  <!-- OPTIONAL INLINE CSS: you can keep or remove -->\n  <style>\n    .siyb-page { max-width: 920px; margin: 0 auto; line-height: 1.75; }\n    .siyb-hero { padding: 18px 0 6px; border-bottom: 1px solid rgba(0,0,0,.08); }\n    .siyb-title { margin: 0 0 6px; font-size: 30px; line-height: 1.25; }\n    .siyb-subtitle { margin: 0 0 10px; opacity: .8; font-size: 16px; }\n    .siyb-lead { margin: 0 0 10px; font-size: 17px; }\n    .siyb-section { padding: 18px 0; }\n    .siyb-h2 { margin: 0 0 10px; font-size: 22px; line-height: 1.35; }\n    .siyb-h3 { margin: 0 0 6px; font-size: 16px; }\n    .siyb-figure { margin: 12px 0 0; }\n    .siyb-figure img { width: 100%; height: auto; border-radius: 10px; }\n    .siyb-values { display: grid; grid-template-columns: repeat(3, 1fr); gap: 14px; margin-top: 10px; }\n    .siyb-card { padding: 14px; border: 1px solid rgba(0,0,0,.08); border-radius: 12px; background: rgba(0,0,0,.02); }\n    .siyb-card p { margin: 0; }\n    .siyb-list { padding-left: 18px; margin: 10px 0 0; }\n    .siyb-list li { margin: 8px 0; }\n    .siyb-gallery { display: grid; grid-template-columns: repeat(3, 1fr); gap: 10px; margin-top: 12px; }\n    .siyb-gallery img { width: 100%; height: 210px; object-fit: cover; border-radius: 10px; }\n    .siyb-cta { border-top: 1px solid rgba(0,0,0,.08); margin-top: 6px; padding-top: 22px; }\n    .siyb-sign { margin-top: 10px; }\n    @media (max-width: 820px){\n      .siyb-values { grid-template-columns: 1fr; }\n      .siyb-gallery { grid-template-columns: 1fr 1fr; }\n      .siyb-gallery img { height: 190px; }\n      .siyb-title { font-size: 26px; }\n    }\n    @media (max-width: 480px){\n      .siyb-gallery { grid-template-columns: 1fr; }\n      .siyb-gallery img { height: auto; }\n    }\n  <\/style>\n\n<\/div><\/div><\/div><\/div><\/div><\/div><\/div><\/div><\/div>","protected":false},"excerpt":{"rendered":"","protected":false},"author":1,"featured_media":291,"parent":0,"menu_order":0,"comment_status":"closed","ping_status":"closed","template":"","meta":{"footnotes":""},"class_list":["post-290","page","type-page","status-publish","has-post-thumbnail"],"_links":{"self":[{"href":"http:\/\/siyb.cloud\/index.php?rest_route=\/wp\/v2\/pages\/290","targetHints":{"allow":["GET"]}}],"collection":[{"href":"http:\/\/siyb.cloud\/index.php?rest_route=\/wp\/v2\/pages"}],"about":[{"href":"http:\/\/siyb.cloud\/index.php?rest_route=\/wp\/v2\/types\/page"}],"author":[{"embeddable":true,"href":"http:\/\/siyb.cloud\/index.php?rest_route=\/wp\/v2\/users\/1"}],"replies":[{"embeddable":true,"href":"http:\/\/siyb.cloud\/index.php?rest_route=%2Fwp%2Fv2%2Fcomments&post=290"}],"version-history":[{"count":10,"href":"http:\/\/siyb.cloud\/index.php?rest_route=\/wp\/v2\/pages\/290\/revisions"}],"predecessor-version":[{"id":346,"href":"http:\/\/siyb.cloud\/index.php?rest_route=\/wp\/v2\/pages\/290\/revisions\/346"}],"wp:featuredmedia":[{"embeddable":true,"href":"http:\/\/siyb.cloud\/index.php?rest_route=\/wp\/v2\/media\/291"}],"wp:attachment":[{"href":"http:\/\/siyb.cloud\/index.php?rest_route=%2Fwp%2Fv2%2Fmedia&parent=290"}],"curies":[{"name":"wp","href":"https:\/\/api.w.org\/{rel}","templated":true}]}}